{"id":360,"date":"2010-12-31T22:01:55","date_gmt":"2010-12-31T22:01:55","guid":{"rendered":"https:\/\/www.panoramapalace.com\/"},"modified":"2013-04-02T20:32:05","modified_gmt":"2013-04-02T20:32:05","slug":"about","status":"publish","type":"page","link":"https:\/\/www.panoramapalace.com\/pt\/about\/","title":{"rendered":"Acerca"},"content":{"rendered":"<p><br \/>\nEste \u00e9 um projecto antigo com um novo nome para chegar a novos horizontes.<\/p>\n<p>Mesmo quando tinha uma m\u00e1quina de rolo 35mm eu j\u00e1 tirava fotografias na esperan\u00e7a de que, um dia, as visse juntas numa paisagem<\/p>\n<p>Hoje em dia a luta constante para melhorar e usar cada vez melhor as ferramentas de hardware e software que temos, mais r\u00e1pido, com melhor qualidade. Este caminho nunca acaba.<\/p>\n<p>Divirtam-se a ver imagens interactivas e paradas com paisagens, principalmente, de Portugal.<\/p>\n<p>Caso tenham alguma sugest\u00e3o ou interesse neste trabalho partilhem.<\/p>\n<p>Qualquer coment\u00e1rio construtivo \u00e9 sempre benvindo<\/p>\n<p>Um abra\u00e7o,<br \/>\n<br \/>\nRui Pedro<\/p>\n<!-- AddThis Advanced Settings generic via filter on the_content --><!-- AddThis Share Buttons generic via filter on the_content -->","protected":false},"excerpt":{"rendered":"<a href=\"https:\/\/www.panoramapalace.com\/pt\/about\/\"><img loading=\"lazy\" decoding=\"async\" width=\"150\" height=\"150\" src=\"https:\/\/www.panoramapalace.com\/wp-content\/plugins\/thumbnail-for-excerpts\/tfe_no_thumb.png\" class=\"alignleft wp-post-image tfe\" alt=\"\" title=\"\" \/><\/a><p>Este \u00e9 um projecto antigo com um novo nome para chegar a novos horizontes. Mesmo quando tinha uma m\u00e1quina de rolo 35mm eu j\u00e1 tirava fotografias na esperan\u00e7a de que, um dia, as visse juntas numa paisagem Hoje em dia a luta constante para melhorar e usar cada vez melhor as ferramentas de hardware e [&hellip;]<!-- AddThis Advanced Settings generic via filter on get_the_excerpt --><!-- AddThis Share Buttons generic via filter on get_the_excerpt --><\/p>\n","protected":false},"author":1,"featured_media":0,"parent":0,"menu_order":0,"comment_status":"open","ping_status":"open","template":"","meta":{"ngg_post_thumbnail":0,"jetpack_post_was_ever_published":false,"footnotes":""},"class_list":["post-360","page","type-page","status-publish","hentry"],"jetpack_shortlink":"https:\/\/wp.me\/P3gTSf-5O","jetpack_sharing_enabled":true,"jetpack_likes_enabled":true,"_links":{"self":[{"href":"https:\/\/www.panoramapalace.com\/pt\/wp-json\/wp\/v2\/pages\/360","targetHints":{"allow":["GET"]}}],"collection":[{"href":"https:\/\/www.panoramapalace.com\/pt\/wp-json\/wp\/v2\/pages"}],"about":[{"href":"https:\/\/www.panoramapalace.com\/pt\/wp-json\/wp\/v2\/types\/page"}],"author":[{"embeddable":true,"href":"https:\/\/www.panoramapalace.com\/pt\/wp-json\/wp\/v2\/users\/1"}],"replies":[{"embeddable":true,"href":"https:\/\/www.panoramapalace.com\/pt\/wp-json\/wp\/v2\/comments?post=360"}],"version-history":[{"count":0,"href":"https:\/\/www.panoramapalace.com\/pt\/wp-json\/wp\/v2\/pages\/360\/revisions"}],"wp:attachment":[{"href":"https:\/\/www.panoramapalace.com\/pt\/wp-json\/wp\/v2\/media?parent=360"}],"curies":[{"name":"wp","href":"https:\/\/api.w.org\/{rel}","templated":true}]}}