{"id":5353,"date":"2015-10-09T10:58:18","date_gmt":"2015-10-09T10:58:18","guid":{"rendered":"https:\/\/www.panoramapalace.com\/?page_id=5353"},"modified":"2016-07-29T09:03:33","modified_gmt":"2016-07-29T09:03:33","slug":"streetview-trusted","status":"publish","type":"page","link":"https:\/\/www.panoramapalace.com\/pt\/streetview-trusted\/","title":{"rendered":"Google StreetView Trusted"},"content":{"rendered":"<strong>Gostava que os seus clientes conseguissem andar pelo seu espa\u00e7o comercial 24h\/dia? <\/strong><br \/>\nAt\u00e9 aqui a GoogleMaps disponibilizava a visita virtual das ruas. Neste momento j\u00e1 \u00e9 poss\u00edvel adicionar a visita interior dos espa\u00e7os! Podemos mostrar a decora\u00e7\u00e3o, o ambiente, etc.. . O Google Streetview for business, integrado no GoogleMaps, oferece-lhe mais uma porta de entrada sempre aberta para o seu neg\u00f3cio.<\/p>\n<p>Veja mais sobre o <a href=\"https:\/\/www.google.com\/maps\/streetview\/trusted\/\" target=_blank>GoogleStreetview Trusted for BusinessView neste link<\/a>.<\/p>\n<p>N\u00e3o conhece nenhum exemplo em Portugal? Eu mostro!<\/p>\n<p><a href=\"https:\/\/www.google.pt\/maps\/place\/Restaurante+Jardim+Da+Radial\/@38.805431,-9.1844366,3a,75y,41.45h,73.12t\/data=!3m8!1e1!3m6!1sdbMch36UugsAAAQn7y5K0Q!2e0!3e2!6s%2F%2Fgeo2.ggpht.com%2Fcbk%3Fpanoid%3DdbMch36UugsAAAQn7y5K0Q%26output%3Dthumbnail%26cb_client%3Dsearch.TACTILE.gps%26thumb%3D2%26w%3D86%26h%3D86%26yaw%3D136.50851%26pitch%3D0!7i8000!8i4000!4m2!3m1!1s0x0000000000000000:0x58f6508d2d67c413!6m1!1e1\" target=_blank>Restaurante marisqueira Jardim da Radial, Ramada, Odivelas<\/a><\/p>\n<p><a href=\"https:\/\/goo.gl\/maps\/paJK1fmXVH82\" target=_blank>Restaurante Grelha Dom Feij\u00e3o, Lisboa<\/a><\/p>\n<p><a href=\"https:\/\/goo.gl\/LKZ8Dn\" target=_blank>Chipsite, Solu\u00e7\u00f5es Inform\u00e1ticas ,Reboleira, Amadora<\/a><\/p>\n<p>Para or\u00e7amento ou qualquer d\u00favida preencha o formul\u00e1rio:<\/p>\n\n<div class=\"wpcf7 no-js\" id=\"wpcf7-f3979-o2\" lang=\"en-US\" dir=\"ltr\" data-wpcf7-id=\"3979\">\n<div class=\"screen-reader-response\"><p role=\"status\" aria-live=\"polite\" aria-atomic=\"true\"><\/p> <ul><\/ul><\/div>\n<form action=\"\/pt\/wp-json\/wp\/v2\/pages\/5353#wpcf7-f3979-o2\" method=\"post\" class=\"wpcf7-form init\" aria-label=\"Contact form\" novalidate=\"novalidate\" data-status=\"init\">\n<fieldset class=\"hidden-fields-container\"><input type=\"hidden\" name=\"_wpcf7\" value=\"3979\" \/><input type=\"hidden\" name=\"_wpcf7_version\" value=\"6.1.5\" \/><input type=\"hidden\" name=\"_wpcf7_locale\" value=\"en_US\" \/><input type=\"hidden\" name=\"_wpcf7_unit_tag\" value=\"wpcf7-f3979-o2\" \/><input type=\"hidden\" name=\"_wpcf7_container_post\" value=\"0\" \/><input type=\"hidden\" name=\"_wpcf7_posted_data_hash\" value=\"\" \/>\n<\/fieldset>\n<p>O seu nome (obrigat\u00f3rio)\n<\/p>\n<p><span class=\"wpcf7-form-control-wrap\" data-name=\"your-name\"><input size=\"40\" maxlength=\"400\" class=\"wpcf7-form-control wpcf7-text wpcf7-validates-as-required\" aria-required=\"true\" aria-invalid=\"false\" value=\"\" type=\"text\" name=\"your-name\" \/><\/span>\n<\/p>\n<p>O seu e-mail (obrigat\u00f3rio)\n<\/p>\n<p><span class=\"wpcf7-form-control-wrap\" data-name=\"your-email\"><input size=\"40\" maxlength=\"400\" class=\"wpcf7-form-control wpcf7-email wpcf7-validates-as-required wpcf7-text wpcf7-validates-as-email\" aria-required=\"true\" aria-invalid=\"false\" value=\"\" type=\"email\" name=\"your-email\" \/><\/span>\n<\/p>\n<p>Assunto\n<\/p>\n<p><span class=\"wpcf7-form-control-wrap\" data-name=\"your-subject\"><input size=\"40\" maxlength=\"400\" class=\"wpcf7-form-control wpcf7-text\" aria-invalid=\"false\" value=\"\" type=\"text\" name=\"your-subject\" \/><\/span>\n<\/p>\n<p>A sua mensagem\n<\/p>\n<p><span class=\"wpcf7-form-control-wrap\" data-name=\"your-message\"><textarea cols=\"40\" rows=\"10\" maxlength=\"2000\" class=\"wpcf7-form-control wpcf7-textarea\" aria-invalid=\"false\" name=\"your-message\"><\/textarea><\/span>\n<\/p>\n<p>Mostre que \u00e9 humano!\n<\/p>\n<p><div id=\"cf7sr-69e50312b5b16\" class=\"cf7sr-g-recaptcha\" data-theme=\"light\" data-type=\"image\" data-size=\"normal\" data-sitekey=\"6LcruxQTAAAAAN8_INEBrOSag_MVSKC6oOm__nUp\"><\/div><span class=\"wpcf7-form-control-wrap cf7sr-recaptcha\" data-name=\"cf7sr-recaptcha\"><input type=\"hidden\" name=\"cf7sr-recaptcha\" value=\"\" class=\"wpcf7-form-control\"><\/span>\n<\/p>\n<p><input class=\"wpcf7-form-control wpcf7-submit has-spinner\" type=\"submit\" value=\"Enviar\" \/>\n<\/p><p style=\"display: none !important;\" class=\"akismet-fields-container\" data-prefix=\"_wpcf7_ak_\"><label>&#916;<textarea name=\"_wpcf7_ak_hp_textarea\" cols=\"45\" rows=\"8\" maxlength=\"100\"><\/textarea><\/label><input type=\"hidden\" id=\"ak_js_2\" name=\"_wpcf7_ak_js\" value=\"233\"\/><script>document.getElementById( \"ak_js_2\" ).setAttribute( \"value\", ( new Date() ).getTime() );<\/script><\/p><div class=\"wpcf7-response-output\" aria-hidden=\"true\"><\/div>\n<\/form>\n<\/div>","protected":false},"excerpt":{"rendered":"<a href=\"https:\/\/www.panoramapalace.com\/pt\/streetview-trusted\/\"><img loading=\"lazy\" decoding=\"async\" width=\"150\" height=\"150\" src=\"https:\/\/www.panoramapalace.com\/wp-content\/plugins\/thumbnail-for-excerpts\/tfe_no_thumb.png\" class=\"alignleft wp-post-image tfe\" alt=\"\" title=\"\" \/><\/a><p>Gostava que os seus clientes conseguissem andar pelo seu espa\u00e7o comercial 24h\/dia? At\u00e9 aqui a GoogleMaps disponibilizava a visita virtual das ruas. Neste momento j\u00e1 \u00e9 poss\u00edvel adicionar a visita interior dos espa\u00e7os! Podemos mostrar a decora\u00e7\u00e3o, o ambiente, etc.. . O Google Streetview for business, integrado no GoogleMaps, oferece-lhe mais uma porta de entrada [&hellip;]<\/p>\n","protected":false},"author":1,"featured_media":0,"parent":0,"menu_order":0,"comment_status":"closed","ping_status":"closed","template":"","meta":{"ngg_post_thumbnail":0,"jetpack_post_was_ever_published":false,"footnotes":""},"class_list":["post-5353","page","type-page","status-publish","hentry"],"jetpack_shortlink":"https:\/\/wp.me\/P3gTSf-1ol","jetpack_sharing_enabled":true,"jetpack_likes_enabled":true,"_links":{"self":[{"href":"https:\/\/www.panoramapalace.com\/pt\/wp-json\/wp\/v2\/pages\/5353","targetHints":{"allow":["GET"]}}],"collection":[{"href":"https:\/\/www.panoramapalace.com\/pt\/wp-json\/wp\/v2\/pages"}],"about":[{"href":"https:\/\/www.panoramapalace.com\/pt\/wp-json\/wp\/v2\/types\/page"}],"author":[{"embeddable":true,"href":"https:\/\/www.panoramapalace.com\/pt\/wp-json\/wp\/v2\/users\/1"}],"replies":[{"embeddable":true,"href":"https:\/\/www.panoramapalace.com\/pt\/wp-json\/wp\/v2\/comments?post=5353"}],"version-history":[{"count":16,"href":"https:\/\/www.panoramapalace.com\/pt\/wp-json\/wp\/v2\/pages\/5353\/revisions"}],"predecessor-version":[{"id":5454,"href":"https:\/\/www.panoramapalace.com\/pt\/wp-json\/wp\/v2\/pages\/5353\/revisions\/5454"}],"wp:attachment":[{"href":"https:\/\/www.panoramapalace.com\/pt\/wp-json\/wp\/v2\/media?parent=5353"}],"curies":[{"name":"wp","href":"https:\/\/api.w.org\/{rel}","templated":true}]}}