{"id":5370,"date":"2015-10-15T18:04:56","date_gmt":"2015-10-15T18:04:56","guid":{"rendered":"https:\/\/www.panoramapalace.com\/pt\/?page_id=5370"},"modified":"2016-07-30T14:26:18","modified_gmt":"2016-07-30T14:26:18","slug":"carta-de-apresentacao","status":"publish","type":"page","link":"https:\/\/www.panoramapalace.com\/pt\/streetview-trusted\/carta-de-apresentacao\/","title":{"rendered":"Apresenta\u00e7\u00e3o Google StreetView Trusted"},"content":{"rendered":"<iframe loading=\"lazy\" src=\"https:\/\/docs.google.com\/presentation\/d\/1w7Mn9G8hXfkJDg6M64VBlo9LN_iy-Rq1NrMDZnsgJVs\/embed?start=true&#038;loop=true&#038;delayms=9000\" frameborder=\"0\" width=\"960\" height=\"569\" allowfullscreen=\"true\" mozallowfullscreen=\"true\" webkitallowfullscreen=\"true\"><\/iframe><\/p>\n<p style=\"text-align:justify\">\nBoa tarde, <\/p>\n<p>Disponho, presentemente, de um boa oportunidade para vos dar visibilidade perante o Google e, portanto, perante os vossos clientes. Tive a oportunidade, no m\u00eas que passou, de aderir ao StreetView for Business. Esta oportunidade \u00fanica para mim cria, tamb\u00e9m, uma oportunidade \u00fanica para o vosso neg\u00f3cio disponibilizando imagens de qualidade ao n\u00edvel do exigido pelo Google e, claro, ao n\u00edvel exigido pelo vosso neg\u00f3cio. <\/p>\n<p>Para vos dar algum contexto:<br \/>\nO GoogleMaps StreetView ganhou uma nova aten\u00e7\u00e3o por parte do Google e passou a marca principal passando a designar-se \u201cGoogle Streetview\u201d. O Programa \u201cGoogle Trusted Photographers\u201d passou para \u201cStreetView Trusted Photographers\u201d e eu sou um dos primeiros portugueses a ter acesso ao programa. <\/p>\n<p>As altera\u00e7\u00f5es significativas para o vosso neg\u00f3cio: <\/p>\n<ul>\n<li>Uma porta sempre aberta no Google Streetview, 24h dia que mostra aos visitantes todo o vosso espa\u00e7o, decora\u00e7\u00e3o, qualidade superior, ambiente.\n<li>Um \u201csee inside\u201d al\u00e9m do \u201csee outside\u201d que j\u00e1 t\u00eam. Eventualmente, se o desejarem e for aplic\u00e1vel, um \u201csee outside\u201d tamb\u00e9m personalizado em vez do habitual street view que \u00e9 disponibilizado pelo carro do Google.\n<li>A integra\u00e7\u00e3o com o StreetView permite a utiliza\u00e7\u00e3o dessa visita no vosso Website atrav\u00e9s de um iframe.\n<p>A \u00fanica coisa que necessitam de ter \u00e9 a vossa actividade google Mybusiness com verifica\u00e7\u00e3o do local. <\/p>\n<p>Acerca de mim:<br \/>\nChamo-me Rui Pedro, tenho a fotografia como ocupa\u00e7\u00e3o semi-profissional faz largos anos. Sou o \u00fanico contribuidor para o site https:\/\/www.panoramapalace.com onde podem ver as minhas photospheres. Photosphere \u00e9 o nome que o StreetView d\u00e1 \u00e0s imagens panor\u00e2micas 360&#215;180 que comp\u00f5em uma visita do StreetView Trusted. O meu interesse por fotografia panor\u00e2mica j\u00e1 \u00e9 antigo e estou sempre a tentar ultrapassar o meu pr\u00f3prio limite.<br \/>\nPodem, tamb\u00e9m, verificar\/acompanhar o <a href=\"https:\/\/www.facebook.com\/ruipedroimagery\" target=_blank>o meu no facebook neste link<\/a>.<br \/>\nPara saberem mais sobre o programa do <a href=\"https:\/\/www.google.com\/maps\/streetview\/trusted\/\" target=_blank>Google StreetViewView Trusted cliquem aqui<\/a>.<br \/>\nPara verem um exemplo de visita j\u00e1 dispon\u00edvel no GoogleMaps usem <a href=\"https:\/\/www.panoramapalace.com\/apresentacao\/exemplodevisita.html\" target=_blank>este link<\/a>.<\/p>\n<p>Terei todo o gosto em agendar e deslocar-me ao vosso estabelecimento para me apresentar e para criar uma photosphere. Posteriormente disponibilizarei um link de modo a verem essa photosphere de maneira interactiva.\n<\/p>\n<p>Dispon\u00edvel para qualquer esclarecimento,  <\/p>\n<p>Rui Pedro<br \/>\n\n<!-- AddThis Advanced Settings generic via filter on the_content --><!-- AddThis Share Buttons generic via filter on the_content -->","protected":false},"excerpt":{"rendered":"<a href=\"https:\/\/www.panoramapalace.com\/pt\/streetview-trusted\/carta-de-apresentacao\/\"><img loading=\"lazy\" decoding=\"async\" width=\"150\" height=\"150\" src=\"https:\/\/www.panoramapalace.com\/wp-content\/plugins\/thumbnail-for-excerpts\/tfe_no_thumb.png\" class=\"alignleft wp-post-image tfe\" alt=\"\" title=\"\" \/><\/a><p>Boa tarde, Disponho, presentemente, de um boa oportunidade para vos dar visibilidade perante o Google e, portanto, perante os vossos clientes. Tive a oportunidade, no m\u00eas que passou, de aderir ao StreetView for Business. Esta oportunidade \u00fanica para mim cria, tamb\u00e9m, uma oportunidade \u00fanica para o vosso neg\u00f3cio disponibilizando imagens de qualidade ao n\u00edvel do [&hellip;]<!-- AddThis Advanced Settings generic via filter on get_the_excerpt --><!-- AddThis Share Buttons generic via filter on get_the_excerpt --><\/p>\n","protected":false},"author":1,"featured_media":0,"parent":5353,"menu_order":0,"comment_status":"closed","ping_status":"closed","template":"","meta":{"ngg_post_thumbnail":0,"jetpack_post_was_ever_published":false,"footnotes":""},"class_list":["post-5370","page","type-page","status-publish","hentry"],"jetpack_shortlink":"https:\/\/wp.me\/P3gTSf-1oC","jetpack_sharing_enabled":true,"jetpack_likes_enabled":true,"_links":{"self":[{"href":"https:\/\/www.panoramapalace.com\/pt\/wp-json\/wp\/v2\/pages\/5370","targetHints":{"allow":["GET"]}}],"collection":[{"href":"https:\/\/www.panoramapalace.com\/pt\/wp-json\/wp\/v2\/pages"}],"about":[{"href":"https:\/\/www.panoramapalace.com\/pt\/wp-json\/wp\/v2\/types\/page"}],"author":[{"embeddable":true,"href":"https:\/\/www.panoramapalace.com\/pt\/wp-json\/wp\/v2\/users\/1"}],"replies":[{"embeddable":true,"href":"https:\/\/www.panoramapalace.com\/pt\/wp-json\/wp\/v2\/comments?post=5370"}],"version-history":[{"count":16,"href":"https:\/\/www.panoramapalace.com\/pt\/wp-json\/wp\/v2\/pages\/5370\/revisions"}],"predecessor-version":[{"id":5455,"href":"https:\/\/www.panoramapalace.com\/pt\/wp-json\/wp\/v2\/pages\/5370\/revisions\/5455"}],"up":[{"embeddable":true,"href":"https:\/\/www.panoramapalace.com\/pt\/wp-json\/wp\/v2\/pages\/5353"}],"wp:attachment":[{"href":"https:\/\/www.panoramapalace.com\/pt\/wp-json\/wp\/v2\/media?parent=5370"}],"curies":[{"name":"wp","href":"https:\/\/api.w.org\/{rel}","templated":true}]}}