{"id":5401,"date":"2015-11-13T18:26:18","date_gmt":"2015-11-13T18:26:18","guid":{"rendered":"https:\/\/www.panoramapalace.com\/?page_id=5401"},"modified":"2015-12-29T10:44:40","modified_gmt":"2015-12-29T10:44:40","slug":"f-a-q","status":"publish","type":"page","link":"https:\/\/www.panoramapalace.com\/pt\/streetview-trusted\/f-a-q\/","title":{"rendered":"Perguntas Frequentes"},"content":{"rendered":"<div id=\"faqconc_1_4_8\" class=\"faqconc\" role=\"tablist\" aria-multiselectable=\"true\"><div class=\"faq_item\" id=\"faq5420\"><div class=\"faq_q\" id=\"faq5420_q\" aria-selected=\"false\" aria-expanded=\"false\" aria-controls =\"faq5420_a\" role=\"tab\" tabindex=\"-1\">Quero uma visita! O que necessito?<\/div><div class=\"faq_a\" id=\"faq5420_a\" aria-labelledby=\"faq5420_q\" aria-hidden=\"true\" role=\"tabpanel\"><div class=\"faq_a_content\"><p>Alem de ter a autoridade para permitir fotografar o espa\u00e7o em causa a \u00fanica coisa que necessita \u00e9 de uma p\u00e1gina Google MyBusiness que \u00e9 gr\u00e1tis. A visita ficar\u00e1 associada a esta p\u00e1gina. \u00c9 poss\u00edvel que j\u00e1 exista uma p\u00e1gina MyBusiness associada ao vosso neg\u00f3cio e, nesse caso, se n\u00e3o a criaram s\u00f3 t\u00eam de usar a op\u00e7\u00e3o \"claim my business\" que estar\u00e1 dispon\u00edvel.<\/p>\n<\/div><\/div><\/div><div class=\"faq_item\" id=\"faq5422\"><div class=\"faq_q\" id=\"faq5422_q\" aria-selected=\"false\" aria-expanded=\"false\" aria-controls =\"faq5422_a\" role=\"tab\" tabindex=\"-1\">Quanto custa uma visita?<\/div><div class=\"faq_a\" id=\"faq5422_a\" aria-labelledby=\"faq5422_q\" aria-hidden=\"true\" role=\"tabpanel\"><div class=\"faq_a_content\"><p>O pre\u00e7o depende, essencialmente, da \u00e1rea e da planta a fotografar. Depois desta avalia\u00e7\u00e3o vai depender do pretendido pelo cliente. Para um restaurante pode ser suficiente uma \u201cphotosphere\u201d no meio da sala, para um museu podem ser necess\u00e1rias, para uma sala com a mesma dimens\u00e3o, 4 de modo a mostrar as obras expostas com mais detalhe. Isto vai condicionar o n\u00famero de \u201cphotospheres\u201d que \u00e9 necess\u00e1rio fazer e, claro, o pre\u00e7o final. Resumindo, os factores s\u00e3o:<br \/>\n                - o n\u00famero de photospheres (ver c\u00e1lculo em baixo)<br \/>\n                - a complexidade da planta<br \/>\n                - adicionais caso n\u00e3o exista streetview ou se desejar alterar o see-outside associado ao neg\u00f3cio.<br \/>\n                - edi\u00e7\u00e3o digital a pedido do cliente, com pedidos especiais, ex.: alterar digitalmente uma ementa, colocar um cartaz maior com a descri\u00e7\u00e3o de uma obra, etc.<br \/>\n                - (se existir) descontos de campanha em vigor<br \/>\n                - descontos para um neg\u00f3cio com m\u00faltiplos locais<br \/>\n                - descontos para \u201creshoot\u201d caso tenha existido alguma altera\u00e7\u00e3o no espa\u00e7o que desejem ver reflectido na visita<br \/>\n                - n\u00e3o tem mensalidade!<br \/>\n                - acrescem desloca\u00e7\u00f5es e gastos com alojamento\/alimenta\u00e7\u00e3o se aplic\u00e1vel(*) .<\/p>\n<h6>(*) Desloca\u00e7\u00e3o no concelho de Lisboa e concelhos vizinhos s\u00e3o oferta. Fora destes concelhos acrescem despesas de desloca\u00e7\u00e3o, alimenta\u00e7\u00e3o, pernoita se aplic\u00e1vel. Se existir mais do que um cliente na \u00e1rea esses custos ser\u00e3o divididos em propor\u00e7\u00e3o pelo tempo despendido em cada um.<\/h6>\n<\/div><\/div><\/div><div class=\"faq_item\" id=\"faq5423\"><div class=\"faq_q\" id=\"faq5423_q\" aria-selected=\"false\" aria-expanded=\"false\" aria-controls =\"faq5423_a\" role=\"tab\" tabindex=\"-1\">Quantas esferas necessito no meu neg\u00f3cio?<\/div><div class=\"faq_a\" id=\"faq5423_a\" aria-labelledby=\"faq5423_q\" aria-hidden=\"true\" role=\"tabpanel\"><div class=\"faq_a_content\"><p>\u00c9 necess\u00e1rio criar uma esfera com intervalos entre 1,5 a 2,5 metros para conseguir transmitir a sensa\u00e7\u00e3o de \u201ccaminhar pelo espa\u00e7o\u201d. Tipicamente depende da \u201cdensidade\u201d da \u00e1rea. Num corredor poder\u00e3o ser os 3 metros at\u00e9 porque apenas servir\u00e3o para ligar \u00e1reas de interesse.<br \/>\nO Google BusinessView tem um \"hotel mode\" que permite mostrar as v\u00e1rias \u00e1reas do Hotel fazendo \u201cmini visitas\u201d que se chamam \u201cilhas\u201d. Pode fotografar o Lobby, a Piscina, um Quarto, uma Suite sem ter que fazer todas as esferas pelos corredores para ligar as visitas. A visita \u201cprincipal\u201d aparecer\u00e1 no \u201csee inside\u201d, como normalmente. As outras mini-visitas, infelizmente, aparecer\u00e3o no \u201ccarrossel\u201d de imagens em baixo na ordem que a Google decidir. \u00c9, no entanto, poss\u00edvel, usar as visitas directamente no site do neg\u00f3cio.<\/p>\n<\/div><\/div><\/div><div class=\"faq_item\" id=\"faq5424\"><div class=\"faq_q\" id=\"faq5424_q\" aria-selected=\"false\" aria-expanded=\"false\" aria-controls =\"faq5424_a\" role=\"tab\" tabindex=\"-1\">Quanto tempo vai ficar online? Tenho custos associados ao meu site?<\/div><div class=\"faq_a\" id=\"faq5424_a\" aria-labelledby=\"faq5424_q\" aria-hidden=\"true\" role=\"tabpanel\"><div class=\"faq_a_content\"><p>Desde que as imagens respeitem a politica de aceita\u00e7\u00e3o de imagens do Google (dispon\u00edvel em http:\/\/www.google.com\/intl\/pt-BR\/maps\/streetview\/policies\/ ) , segundo a equipa Google StreetView, n\u00e3o tem limite de tempo, ou seja, \u00e9 para sempre.<br \/>\nN\u00e3o h\u00e1 custos adicionais de alojamento j\u00e1 que eu entregarei, atrav\u00e9s de um portal especifico, as imagens ao Google StreetView e \u00e9 a\u00ed que a visita ficar\u00e1 alojada e dispon\u00edvel na internet.<\/p>\n<\/div><\/div><\/div><div class=\"faq_item\" id=\"faq5425\"><div class=\"faq_q\" id=\"faq5425_q\" aria-selected=\"false\" aria-expanded=\"false\" aria-controls =\"faq5425_a\" role=\"tab\" tabindex=\"-1\">Vou aparecer em primeiro nas buscas do Google?<\/div><div class=\"faq_a\" id=\"faq5425_a\" aria-labelledby=\"faq5425_q\" aria-hidden=\"true\" role=\"tabpanel\"><div class=\"faq_a_content\"><p>N\u00e3o h\u00e1 uma rela\u00e7\u00e3o directa mas pode, sem d\u00favida, ajudar. O \u201cclaim\u201d da p\u00e1gina  MyBusiness \u00e9 um bom come\u00e7o para aparecer nas buscas de local. Alem disso ir\u00e1 aparecer na p\u00e1gina mybusiness, na pesquisa Google, no googlemaps um \u201csee inside\u201d. Esta visita pode (e deve) tamb\u00e9m ser inclu\u00edda no site da empresa\/institui\u00e7\u00e3o e vai aumentar o \u201ctempo por visita\u201d do site o que ajudar\u00e1 o ranking.<\/p>\n<\/div><\/div><\/div><div class=\"faq_item\" id=\"faq5426\"><div class=\"faq_q\" id=\"faq5426_q\" aria-selected=\"false\" aria-expanded=\"false\" aria-controls =\"faq5426_a\" role=\"tab\" tabindex=\"-1\">Vale a pena?<\/div><div class=\"faq_a\" id=\"faq5426_a\" aria-labelledby=\"faq5426_q\" aria-hidden=\"true\" role=\"tabpanel\"><div class=\"faq_a_content\"><p>A Google fez um estudo durante a NYC restaurante week e os restaurantes com See Inside tiveram mais 30% de reservas efectuadas. 84% dos 1300 clientes que participaram no estudo afirmaram que o BusinessView teve um papel preponderante na escolha.<\/p>\n<p>Podem consultar mais <a href=\"https:\/\/www.google.com\/intl\/pt-BR\/maps\/streetview\/trusted\/\" target=\"_blank\">nesta p\u00e1gina<\/a><\/p>\n<\/div><\/div><\/div><div class=\"faq_item\" id=\"faq5429\"><div class=\"faq_q\" id=\"faq5429_q\" aria-selected=\"false\" aria-expanded=\"false\" aria-controls =\"faq5429_a\" role=\"tab\" tabindex=\"-1\">Quero uma visita! O que tenho de fazer?<\/div><div class=\"faq_a\" id=\"faq5429_a\" aria-labelledby=\"faq5429_q\" aria-hidden=\"true\" role=\"tabpanel\"><div class=\"faq_a_content\"><p>As etapas de cria\u00e7\u00e3o de visita est\u00e3o <a href=\"https:\/\/www.panoramapalace.com\/google-businessview\/creation-steps\/\">descritas aqui<\/a>. Neste link est\u00e3o explicadas as etapas entre \u201crealiza\u00e7\u00e3o das imagens\u201d e a \u201cpublica\u00e7\u00e3o da visita\u201d.<\/p>\n<\/div><\/div><\/div><div class=\"faq_item\" id=\"faq5430\"><div class=\"faq_q\" id=\"faq5430_q\" aria-selected=\"false\" aria-expanded=\"false\" aria-controls =\"faq5430_a\" role=\"tab\" tabindex=\"-1\">Fiz obras, mudei de colec\u00e7\u00e3o, tenho uma decora\u00e7\u00e3o nova para mostrar. Necessito de criar toda a visita de uma vez?<\/div><div class=\"faq_a\" id=\"faq5430_a\" aria-labelledby=\"faq5430_q\" aria-hidden=\"true\" role=\"tabpanel\"><div class=\"faq_a_content\"><p>Claro que n\u00e3o. Podem ser adicionadas ou retiradas esferas \u00e0 visita. Acresce um custo de \u201cmodera\u00e7\u00e3o\u201d se o trabalho de republica\u00e7\u00e3o for significativo (mais de 30 esferas) j\u00e1 que implica uma republica\u00e7\u00e3o total da visita para substituir a anterior.<\/p>\n<\/div><\/div><\/div><div class=\"faq_item\" id=\"faq5431\"><div class=\"faq_q\" id=\"faq5431_q\" aria-selected=\"false\" aria-expanded=\"false\" aria-controls =\"faq5431_a\" role=\"tab\" tabindex=\"-1\">Pagamento<\/div><div class=\"faq_a\" id=\"faq5431_a\" aria-labelledby=\"faq5431_q\" aria-hidden=\"true\" role=\"tabpanel\"><div class=\"faq_a_content\"><p>Ap\u00f3s a aprova\u00e7\u00e3o final por parte do cliente, imediatamente antes da publica\u00e7\u00e3o, o pagamento tem de estar feito a 100%. \u00c9 poss\u00edvel fasear o pagamento mediante acordo. Aos pre\u00e7os apresentados acresce sempre IVA \u00e0 taxa m\u00e1xima.<br \/>\nNecessito de criar a visita toda de uma vez?<br \/>\nN\u00e3o, n\u00e3o \u00e9 necess\u00e1rio. Como est\u00e1 explicado na quest\u00e3o anterior, podem ser adicionadas esferas em qualquer altura. Pode deixar a \u00e1rea do Jardim para a Primavera, a piscina para o Ver\u00e3o. Claro que h\u00e1 os custos de desloca\u00e7\u00e3o e de posterior altera\u00e7\u00e3o da visita (caso se apliquem).<\/p>\n<\/div><\/div><\/div><div class=\"faq_item\" id=\"faq5432\"><div class=\"faq_q\" id=\"faq5432_q\" aria-selected=\"false\" aria-expanded=\"false\" aria-controls =\"faq5432_a\" role=\"tab\" tabindex=\"-1\">E se eu detectar um erro?<\/div><div class=\"faq_a\" id=\"faq5432_a\" aria-labelledby=\"faq5432_q\" aria-hidden=\"true\" role=\"tabpanel\"><div class=\"faq_a_content\"><p>Erros acontecem. Os erros provocados por mim ser\u00e3o resolvidos por mim sem custos para o cliente. Caso seja necess\u00e1ria nova desloca\u00e7\u00e3o para voltar a criar uma esfera n\u00e3o ser\u00e1 cobrado nada e agrade\u00e7o a recria\u00e7\u00e3o das condi\u00e7\u00f5es para voltar a fotografar o mesmo local. \u00c9 poss\u00edvel resolver erros em qualquer das fases (mesmo depois da publica\u00e7\u00e3o).<\/p>\n<\/div><\/div><\/div><div class=\"faq_item\" id=\"faq5433\"><div class=\"faq_q\" id=\"faq5433_q\" aria-selected=\"false\" aria-expanded=\"false\" aria-controls =\"faq5433_a\" role=\"tab\" tabindex=\"-1\">N\u00e3o gosto. N\u00e3o \u00e9 isto que pretendo. Quero cancelar a visita.<\/div><div class=\"faq_a\" id=\"faq5433_a\" aria-labelledby=\"faq5433_q\" aria-hidden=\"true\" role=\"tabpanel\"><div class=\"faq_a_content\"><p>As situa\u00e7\u00f5es de conflito dever\u00e3o de ser resolvidas recorrendo a bom senso de ambas as partes.<br \/>\n\u00c9 poss\u00edvel cancelar a visita em qualquer altura do processo. No cancelamento ap\u00f3s a aprova\u00e7\u00e3o das imagens pelo cliente ser\u00e1 devido 25% do or\u00e7amento. No cancelamento at\u00e9 15 dias ap\u00f3s publica\u00e7\u00e3o devolverei 50% (nesta fase o pagamento j\u00e1 foi feito). Passados 15 dias o trabalho \u00e9 dado como \"aceite pelo cliente\" e, apenas ser\u00e1 retirada a visita do Google.<br \/>\nEm qualquer dos casos as fotos originais ser\u00e3o destru\u00eddas.<\/p>\n<\/div><\/div><\/div><\/div>\n<p>Nota: as condi\u00e7\u00f5es podem ser alteradas em qualquer altura sem aviso pr\u00e9vio.<\/p>\n<p>\u00daltima actualiza\u00e7\u00e3o: Dezembro 2015<\/p>\n<!-- AddThis Advanced Settings generic via filter on the_content --><!-- AddThis Share Buttons generic via filter on the_content -->","protected":false},"excerpt":{"rendered":"<a href=\"https:\/\/www.panoramapalace.com\/pt\/faqconc\/nao-gosto-nao-e-isto-que-pretendo-quero-cancelar-a-visita\/\"><img loading=\"lazy\" decoding=\"async\" width=\"150\" height=\"150\" src=\"https:\/\/www.panoramapalace.com\/wp-content\/plugins\/thumbnail-for-excerpts\/tfe_no_thumb.png\" class=\"alignleft wp-post-image tfe\" alt=\"\" title=\"\" \/><\/a><p>Nota: as condi\u00e7\u00f5es podem ser alteradas em qualquer altura sem aviso pr\u00e9vio. \u00daltima actualiza\u00e7\u00e3o: Dezembro 2015<!-- AddThis Advanced Settings generic via filter on get_the_excerpt --><!-- AddThis Share Buttons generic via filter on get_the_excerpt --><\/p>\n","protected":false},"author":1,"featured_media":0,"parent":5353,"menu_order":0,"comment_status":"closed","ping_status":"closed","template":"","meta":{"ngg_post_thumbnail":0,"jetpack_post_was_ever_published":false,"footnotes":""},"class_list":["post-5401","page","type-page","status-publish","hentry"],"jetpack_shortlink":"https:\/\/wp.me\/P3gTSf-1p7","jetpack_sharing_enabled":true,"jetpack_likes_enabled":true,"_links":{"self":[{"href":"https:\/\/www.panoramapalace.com\/pt\/wp-json\/wp\/v2\/pages\/5401","targetHints":{"allow":["GET"]}}],"collection":[{"href":"https:\/\/www.panoramapalace.com\/pt\/wp-json\/wp\/v2\/pages"}],"about":[{"href":"https:\/\/www.panoramapalace.com\/pt\/wp-json\/wp\/v2\/types\/page"}],"author":[{"embeddable":true,"href":"https:\/\/www.panoramapalace.com\/pt\/wp-json\/wp\/v2\/users\/1"}],"replies":[{"embeddable":true,"href":"https:\/\/www.panoramapalace.com\/pt\/wp-json\/wp\/v2\/comments?post=5401"}],"version-history":[{"count":9,"href":"https:\/\/www.panoramapalace.com\/pt\/wp-json\/wp\/v2\/pages\/5401\/revisions"}],"predecessor-version":[{"id":5436,"href":"https:\/\/www.panoramapalace.com\/pt\/wp-json\/wp\/v2\/pages\/5401\/revisions\/5436"}],"up":[{"embeddable":true,"href":"https:\/\/www.panoramapalace.com\/pt\/wp-json\/wp\/v2\/pages\/5353"}],"wp:attachment":[{"href":"https:\/\/www.panoramapalace.com\/pt\/wp-json\/wp\/v2\/media?parent=5401"}],"curies":[{"name":"wp","href":"https:\/\/api.w.org\/{rel}","templated":true}]}}