{"id":5427,"date":"2015-12-28T18:53:30","date_gmt":"2015-12-28T18:53:30","guid":{"rendered":"https:\/\/www.panoramapalace.com\/?page_id=5427"},"modified":"2015-12-28T18:53:30","modified_gmt":"2015-12-28T18:53:30","slug":"creation-steps","status":"publish","type":"page","link":"https:\/\/www.panoramapalace.com\/pt\/streetview-trusted\/creation-steps\/","title":{"rendered":"Etapas da Cria\u00e7\u00e3o de Visita"},"content":{"rendered":"<p><strong>Como se desenvolve o processo de cria\u00e7\u00e3o da visita? Quais s\u00e3o as etapas?<\/strong><br \/>\nDe modo a que o cliente obtenha a visita que pretende, o processo de cria\u00e7\u00e3o da visita obedece a v\u00e1rias fases.<\/p>\n<ul>\n<li>Realiza\u00e7\u00e3o das fotografias no local. Posterior trabalho de cria\u00e7\u00e3o das \u201cphotospheres\u201d, mais algum poss\u00edvel trabalho de edi\u00e7\u00e3o solicitado pelo cliente. As esferas devem de corresponder \u00e0 vis\u00e3o do cliente e \u00e0 realidade do local.<\/li>\n<li>Aprova\u00e7\u00e3o das imagens pelo cliente. As esferas ser\u00e3o refeitas at\u00e9 o cliente as aprovar dentro do razo\u00e1vel. \u00c9 esperado que todos os pedidos consigam ser acomodados sem ser necess\u00e1ria uma nova desloca\u00e7\u00e3o ao local.<\/li>\n<li>Publica\u00e7\u00e3o e modera\u00e7\u00e3o no portal BusinessView.\u00a0Consoante o numero de esferas esta fase pode ser bastante demorada j\u00e1 que implica colocar todas as esferas ligadas umas as outras e orientadas de forma correcta com um posicionamento o mais real poss\u00edvel no mundo.<\/li>\n<li>Aprova\u00e7\u00e3o final da visita pelo cliente.\u00a0permite assistir a uma \u201cante-estreia\u201d da visita. Mais uma vez ser\u00e1 pedido ao cliente que aprove a visita e ser\u00e3o acomodadas as altera\u00e7\u00f5es \u00e0 localiza\u00e7\u00e3o, posicionamento, imagem de \u201csee inside\u201d , imagem de \u201cstreetview\u201d (se aplic\u00e1vel), \u201cblur\u201d de \u00e1reas sens\u00edveis, caras de pessoas que n\u00e3o desejam de constar na visita, matriculas.<\/li>\n<li>Publica\u00e7\u00e3o ap\u00f3s a aprova\u00e7\u00e3o final por parte do cliente. Solicitarei ao Google a publica\u00e7\u00e3o da visita que proceder\u00e1 \u00e0 difus\u00e3o pelas v\u00e1rias plataformas. O tempo deste processo \u00e9-me completamente alheio mas, segundo a Google, demora, no m\u00e1ximo, 3 dias.<\/li>\n<\/ul>\n<!-- AddThis Advanced Settings generic via filter on the_content --><!-- AddThis Share Buttons generic via filter on the_content -->","protected":false},"excerpt":{"rendered":"<a href=\"https:\/\/www.panoramapalace.com\/pt\/streetview-trusted\/creation-steps\/\"><img loading=\"lazy\" decoding=\"async\" width=\"150\" height=\"150\" src=\"https:\/\/www.panoramapalace.com\/wp-content\/plugins\/thumbnail-for-excerpts\/tfe_no_thumb.png\" class=\"alignleft wp-post-image tfe\" alt=\"\" title=\"\" \/><\/a><p>Como se desenvolve o processo de cria\u00e7\u00e3o da visita? Quais s\u00e3o as etapas? De modo a que o cliente obtenha a visita que pretende, o processo de cria\u00e7\u00e3o da visita obedece a v\u00e1rias fases. Realiza\u00e7\u00e3o das fotografias no local. Posterior trabalho de cria\u00e7\u00e3o das \u201cphotospheres\u201d, mais algum poss\u00edvel trabalho de edi\u00e7\u00e3o solicitado pelo cliente. As [&hellip;]<!-- AddThis Advanced Settings generic via filter on get_the_excerpt --><!-- AddThis Share Buttons generic via filter on get_the_excerpt --><\/p>\n","protected":false},"author":1,"featured_media":0,"parent":5353,"menu_order":0,"comment_status":"closed","ping_status":"closed","template":"","meta":{"ngg_post_thumbnail":0,"jetpack_post_was_ever_published":false,"footnotes":""},"class_list":["post-5427","page","type-page","status-publish","hentry"],"jetpack_shortlink":"https:\/\/wp.me\/P3gTSf-1px","jetpack_sharing_enabled":true,"jetpack_likes_enabled":true,"_links":{"self":[{"href":"https:\/\/www.panoramapalace.com\/pt\/wp-json\/wp\/v2\/pages\/5427","targetHints":{"allow":["GET"]}}],"collection":[{"href":"https:\/\/www.panoramapalace.com\/pt\/wp-json\/wp\/v2\/pages"}],"about":[{"href":"https:\/\/www.panoramapalace.com\/pt\/wp-json\/wp\/v2\/types\/page"}],"author":[{"embeddable":true,"href":"https:\/\/www.panoramapalace.com\/pt\/wp-json\/wp\/v2\/users\/1"}],"replies":[{"embeddable":true,"href":"https:\/\/www.panoramapalace.com\/pt\/wp-json\/wp\/v2\/comments?post=5427"}],"version-history":[{"count":1,"href":"https:\/\/www.panoramapalace.com\/pt\/wp-json\/wp\/v2\/pages\/5427\/revisions"}],"predecessor-version":[{"id":5428,"href":"https:\/\/www.panoramapalace.com\/pt\/wp-json\/wp\/v2\/pages\/5427\/revisions\/5428"}],"up":[{"embeddable":true,"href":"https:\/\/www.panoramapalace.com\/pt\/wp-json\/wp\/v2\/pages\/5353"}],"wp:attachment":[{"href":"https:\/\/www.panoramapalace.com\/pt\/wp-json\/wp\/v2\/media?parent=5427"}],"curies":[{"name":"wp","href":"https:\/\/api.w.org\/{rel}","templated":true}]}}