{"id":5473,"date":"2017-11-07T22:50:04","date_gmt":"2017-11-07T22:50:04","guid":{"rendered":"https:\/\/www.panoramapalace.com\/?page_id=5473"},"modified":"2017-11-12T12:39:10","modified_gmt":"2017-11-12T12:39:10","slug":"panotagterms","status":"publish","type":"page","link":"https:\/\/www.panoramapalace.com\/pt\/panotagging\/panotagterms\/","title":{"rendered":"PanoTag &#8211; termos e condi\u00e7\u00f5es"},"content":{"rendered":"<p><br \/>\nPrivacidade:<\/p>\n<p>A informa\u00e7\u00e3o guardada na base de dados do panoramapalace \u00e9, apenas, informa\u00e7\u00e3o p\u00fablica do facebook (userId, photo e nome)<\/p>\n<p>Utiliza\u00e7\u00e3o:<\/p>\n<p>Sejam correctos nas frases que escrevem. N\u00e3o usem palavr\u00f5es nem insultos. N\u00e3o se identifiquem em locais onde n\u00e3o tenham a certeza que s\u00e3o voc\u00eas.<\/p>\n<p>Qualquer viola\u00e7\u00e3o destas regras implica a inibi\u00e7\u00e3o do uso do panotag em todo o site para o vosso user de facebook e todas as tags eliminadas.<br \/>\n<\/p>\n<!-- AddThis Advanced Settings generic via filter on the_content --><!-- AddThis Share Buttons generic via filter on the_content -->","protected":false},"excerpt":{"rendered":"<a href=\"https:\/\/www.panoramapalace.com\/pt\/panotagging\/panotagterms\/\"><img loading=\"lazy\" decoding=\"async\" width=\"150\" height=\"150\" src=\"https:\/\/www.panoramapalace.com\/wp-content\/plugins\/thumbnail-for-excerpts\/tfe_no_thumb.png\" class=\"alignleft wp-post-image tfe\" alt=\"\" title=\"\" \/><\/a><p>Privacidade: A informa\u00e7\u00e3o guardada na base de dados do panoramapalace \u00e9, apenas, informa\u00e7\u00e3o p\u00fablica do facebook (userId, photo e nome) Utiliza\u00e7\u00e3o: Sejam correctos nas frases que escrevem. N\u00e3o usem palavr\u00f5es nem insultos. N\u00e3o se identifiquem em locais onde n\u00e3o tenham a certeza que s\u00e3o voc\u00eas. Qualquer viola\u00e7\u00e3o destas regras implica a inibi\u00e7\u00e3o do uso do [&hellip;]<!-- AddThis Advanced Settings generic via filter on get_the_excerpt --><!-- AddThis Share Buttons generic via filter on get_the_excerpt --><\/p>\n","protected":false},"author":1,"featured_media":0,"parent":5469,"menu_order":0,"comment_status":"closed","ping_status":"closed","template":"","meta":{"ngg_post_thumbnail":0,"jetpack_post_was_ever_published":false,"footnotes":""},"class_list":["post-5473","page","type-page","status-publish","hentry"],"jetpack_shortlink":"https:\/\/wp.me\/P3gTSf-1qh","jetpack_sharing_enabled":true,"jetpack_likes_enabled":true,"_links":{"self":[{"href":"https:\/\/www.panoramapalace.com\/pt\/wp-json\/wp\/v2\/pages\/5473","targetHints":{"allow":["GET"]}}],"collection":[{"href":"https:\/\/www.panoramapalace.com\/pt\/wp-json\/wp\/v2\/pages"}],"about":[{"href":"https:\/\/www.panoramapalace.com\/pt\/wp-json\/wp\/v2\/types\/page"}],"author":[{"embeddable":true,"href":"https:\/\/www.panoramapalace.com\/pt\/wp-json\/wp\/v2\/users\/1"}],"replies":[{"embeddable":true,"href":"https:\/\/www.panoramapalace.com\/pt\/wp-json\/wp\/v2\/comments?post=5473"}],"version-history":[{"count":4,"href":"https:\/\/www.panoramapalace.com\/pt\/wp-json\/wp\/v2\/pages\/5473\/revisions"}],"predecessor-version":[{"id":5479,"href":"https:\/\/www.panoramapalace.com\/pt\/wp-json\/wp\/v2\/pages\/5473\/revisions\/5479"}],"up":[{"embeddable":true,"href":"https:\/\/www.panoramapalace.com\/pt\/wp-json\/wp\/v2\/pages\/5469"}],"wp:attachment":[{"href":"https:\/\/www.panoramapalace.com\/pt\/wp-json\/wp\/v2\/media?parent=5473"}],"curies":[{"name":"wp","href":"https:\/\/api.w.org\/{rel}","templated":true}]}}